{"id":5842,"date":"2024-07-25T11:48:17","date_gmt":"2024-07-25T11:48:17","guid":{"rendered":"https:\/\/ibiflorea.com\/?page_id=5842"},"modified":"2025-10-02T15:47:07","modified_gmt":"2025-10-02T12:47:07","slug":"clase","status":"publish","type":"page","link":"https:\/\/ibiflorea.com\/hu\/clase\/","title":{"rendered":"oszt\u00e1lyok"},"content":{"rendered":"<div data-elementor-type=\"wp-page\" data-elementor-id=\"5842\" class=\"elementor elementor-5842\" data-elementor-post-type=\"page\">\n\t\t\t\t<div class=\"elementor-element elementor-element-5e23b46 e-flex e-con-boxed e-con e-parent\" data-id=\"5e23b46\" data-element_type=\"container\" data-e-type=\"container\" data-settings=\"{&quot;background_background&quot;:&quot;classic&quot;}\">\n\t\t\t\t\t<div class=\"e-con-inner\">\n\t\t<div class=\"elementor-element elementor-element-70f6106 e-flex e-con-boxed e-con e-child\" data-id=\"70f6106\" data-element_type=\"container\" data-e-type=\"container\">\n\t\t\t\t\t<div class=\"e-con-inner\">\n\t\t<div class=\"elementor-element elementor-element-41a7547 e-con-full e-flex e-con e-child\" data-id=\"41a7547\" data-element_type=\"container\" data-e-type=\"container\">\n\t\t\t\t<div class=\"elementor-element elementor-element-871069d elementor-widget elementor-widget-heading\" data-id=\"871069d\" data-element_type=\"widget\" data-e-type=\"widget\" data-widget_type=\"heading.default\">\n\t\t\t\t<div class=\"elementor-widget-container\">\n\t\t\t\t\t<p class=\"elementor-heading-title elementor-size-default\">AVIVA \u00eempreun\u0103<\/p>\t\t\t\t<\/div>\n\t\t\t\t<\/div>\n\t\t\t\t<div class=\"elementor-element elementor-element-12a5871 elementor-widget elementor-widget-heading\" data-id=\"12a5871\" data-element_type=\"widget\" data-e-type=\"widget\" data-widget_type=\"heading.default\">\n\t\t\t\t<div class=\"elementor-widget-container\">\n\t\t\t\t\t<h1 class=\"elementor-heading-title elementor-size-default\">Clase - Gimnastic\u0103 hormonal\u0103 AVIVA<\/h1>\t\t\t\t<\/div>\n\t\t\t\t<\/div>\n\t\t\t\t<\/div>\n\t\t<div class=\"elementor-element elementor-element-96cdc16 e-con-full e-flex e-con e-child\" data-id=\"96cdc16\" data-element_type=\"container\" data-e-type=\"container\">\n\t\t<div class=\"elementor-element elementor-element-881df15 e-con-full e-flex e-con e-child\" data-id=\"881df15\" data-element_type=\"container\" data-e-type=\"container\" data-settings=\"{&quot;background_background&quot;:&quot;classic&quot;}\">\n\t\t\t\t<div class=\"elementor-element elementor-element-76c52ab elementor-widget__width-initial elementor-widget elementor-widget-image\" data-id=\"76c52ab\" data-element_type=\"widget\" data-e-type=\"widget\" data-widget_type=\"image.default\">\n\t\t\t\t<div class=\"elementor-widget-container\">\n\t\t\t\t\t\t\t\t\t\t\t\t\t\t\t<img decoding=\"async\" width=\"74\" height=\"74\" src=\"https:\/\/ibiflorea.com\/wp-content\/uploads\/2024\/09\/Group-2.png\" class=\"attachment-large size-large wp-image-11240\" alt=\"\" srcset=\"https:\/\/ibiflorea.com\/wp-content\/uploads\/2024\/09\/Group-2.png 74w, https:\/\/ibiflorea.com\/wp-content\/uploads\/2024\/09\/Group-2-12x12.png 12w\" sizes=\"(max-width: 74px) 100vw, 74px\" \/>\t\t\t\t\t\t\t\t\t\t\t\t\t\t\t<\/div>\n\t\t\t\t<\/div>\n\t\t\t\t<div class=\"elementor-element elementor-element-845a47b elementor-widget__width-initial elementor-widget elementor-widget-heading\" data-id=\"845a47b\" data-element_type=\"widget\" data-e-type=\"widget\" data-widget_type=\"heading.default\">\n\t\t\t\t<div class=\"elementor-widget-container\">\n\t\t\t\t\t<p class=\"elementor-heading-title elementor-size-default\">O<br>intrare<\/p>\t\t\t\t<\/div>\n\t\t\t\t<\/div>\n\t\t\t\t<div class=\"elementor-element elementor-element-0f583c3 elementor-widget__width-initial elementor-widget elementor-widget-heading\" data-id=\"0f583c3\" data-element_type=\"widget\" data-e-type=\"widget\" data-widget_type=\"heading.default\">\n\t\t\t\t<div class=\"elementor-widget-container\">\n\t\t\t\t\t<div class=\"elementor-heading-title elementor-size-default\">Valabil\u0103 o s\u0103pt\u0103m\u00e2n\u0103<\/div>\t\t\t\t<\/div>\n\t\t\t\t<\/div>\n\t\t\t\t<div class=\"elementor-element elementor-element-497a92b elementor-widget elementor-widget-heading\" data-id=\"497a92b\" data-element_type=\"widget\" data-e-type=\"widget\" data-widget_type=\"heading.default\">\n\t\t\t\t<div class=\"elementor-widget-container\">\n\t\t\t\t\t<p class=\"elementor-heading-title elementor-size-default\">60 <span style=\"font-size:15px;margin-left:-6px;font-weight:400\">LEI<\/span><\/p>\t\t\t\t<\/div>\n\t\t\t\t<\/div>\n\t\t\t\t<div class=\"elementor-element elementor-element-2eb3059 elementor-widget elementor-widget-html\" data-id=\"2eb3059\" data-element_type=\"widget\" data-e-type=\"widget\" data-widget_type=\"html.default\">\n\t\t\t\t<div class=\"elementor-widget-container\">\n\t\t\t\t\t <a href=\"#\" data-tooltip=\"Po\u021bi participa la clase dec\u00e2t dup\u0103 terminarea cursului\" target=\"_self\" class=\"btnSmall\" style=\"background-color:#a56069;padding: 12px 21px 12px 21px;    text-transform: uppercase;    font-weight: 500;\">Cump\u0103r\u0103<\/a>\t\t\t\t<\/div>\n\t\t\t\t<\/div>\n\t\t\t\t<\/div>\n\t\t<div class=\"elementor-element elementor-element-67070a8 e-con-full e-flex e-con e-child\" data-id=\"67070a8\" data-element_type=\"container\" data-e-type=\"container\" data-settings=\"{&quot;background_background&quot;:&quot;classic&quot;}\">\n\t\t\t\t<div class=\"elementor-element elementor-element-f317ec1 elementor-widget__width-initial elementor-widget elementor-widget-image\" data-id=\"f317ec1\" data-element_type=\"widget\" data-e-type=\"widget\" data-widget_type=\"image.default\">\n\t\t\t\t<div class=\"elementor-widget-container\">\n\t\t\t\t\t\t\t\t\t\t\t\t\t\t\t<img decoding=\"async\" width=\"74\" height=\"74\" src=\"https:\/\/ibiflorea.com\/wp-content\/uploads\/2024\/09\/Group-1.png\" class=\"attachment-large size-large wp-image-11238\" alt=\"\" srcset=\"https:\/\/ibiflorea.com\/wp-content\/uploads\/2024\/09\/Group-1.png 74w, https:\/\/ibiflorea.com\/wp-content\/uploads\/2024\/09\/Group-1-12x12.png 12w\" sizes=\"(max-width: 74px) 100vw, 74px\" \/>\t\t\t\t\t\t\t\t\t\t\t\t\t\t\t<\/div>\n\t\t\t\t<\/div>\n\t\t\t\t<div class=\"elementor-element elementor-element-7877fdd elementor-widget__width-initial elementor-widget elementor-widget-heading\" data-id=\"7877fdd\" data-element_type=\"widget\" data-e-type=\"widget\" data-widget_type=\"heading.default\">\n\t\t\t\t<div class=\"elementor-widget-container\">\n\t\t\t\t\t<p class=\"elementor-heading-title elementor-size-default\">Patru intr\u0103ri<\/p>\t\t\t\t<\/div>\n\t\t\t\t<\/div>\n\t\t\t\t<div class=\"elementor-element elementor-element-343613e elementor-widget__width-initial elementor-widget elementor-widget-heading\" data-id=\"343613e\" data-element_type=\"widget\" data-e-type=\"widget\" data-widget_type=\"heading.default\">\n\t\t\t\t<div class=\"elementor-widget-container\">\n\t\t\t\t\t<div class=\"elementor-heading-title elementor-size-default\">Valabile o lun\u0103<\/div>\t\t\t\t<\/div>\n\t\t\t\t<\/div>\n\t\t\t\t<div class=\"elementor-element elementor-element-f67978e elementor-widget elementor-widget-heading\" data-id=\"f67978e\" data-element_type=\"widget\" data-e-type=\"widget\" data-widget_type=\"heading.default\">\n\t\t\t\t<div class=\"elementor-widget-container\">\n\t\t\t\t\t<p class=\"elementor-heading-title elementor-size-default\">200 <span style=\"font-size:15px;margin-left:-6px;font-weight:400\">LEI<\/span><\/p>\t\t\t\t<\/div>\n\t\t\t\t<\/div>\n\t\t\t\t<div class=\"elementor-element elementor-element-13e6c35 elementor-widget elementor-widget-html\" data-id=\"13e6c35\" data-element_type=\"widget\" data-e-type=\"widget\" data-widget_type=\"html.default\">\n\t\t\t\t<div class=\"elementor-widget-container\">\n\t\t\t\t\t <a href=\"#\" data-tooltip=\"Po\u021bi participa la clase dec\u00e2t dup\u0103 terminarea cursului\" target=\"_self\" style=\"background-color:#717a55;padding: 12px 21px 12px 21px;    text-transform: uppercase;    font-weight: 500;\" class=\"btnSmall\">Cump\u0103r\u0103<\/a>\t\t\t\t<\/div>\n\t\t\t\t<\/div>\n\t\t\t\t<\/div>\n\t\t<div class=\"elementor-element elementor-element-7eb405b e-con-full e-flex e-con e-child\" data-id=\"7eb405b\" data-element_type=\"container\" data-e-type=\"container\" data-settings=\"{&quot;background_background&quot;:&quot;classic&quot;}\">\n\t\t\t\t<div class=\"elementor-element elementor-element-d85995d elementor-widget__width-initial elementor-widget elementor-widget-image\" data-id=\"d85995d\" data-element_type=\"widget\" data-e-type=\"widget\" data-widget_type=\"image.default\">\n\t\t\t\t<div class=\"elementor-widget-container\">\n\t\t\t\t\t\t\t\t\t\t\t\t\t\t\t<img decoding=\"async\" width=\"74\" height=\"74\" src=\"https:\/\/ibiflorea.com\/wp-content\/uploads\/2024\/09\/Group-3.png\" class=\"attachment-large size-large wp-image-11239\" alt=\"\" srcset=\"https:\/\/ibiflorea.com\/wp-content\/uploads\/2024\/09\/Group-3.png 74w, https:\/\/ibiflorea.com\/wp-content\/uploads\/2024\/09\/Group-3-12x12.png 12w\" sizes=\"(max-width: 74px) 100vw, 74px\" \/>\t\t\t\t\t\t\t\t\t\t\t\t\t\t\t<\/div>\n\t\t\t\t<\/div>\n\t\t\t\t<div class=\"elementor-element elementor-element-0044994 elementor-widget__width-initial elementor-widget elementor-widget-heading\" data-id=\"0044994\" data-element_type=\"widget\" data-e-type=\"widget\" data-widget_type=\"heading.default\">\n\t\t\t\t<div class=\"elementor-widget-container\">\n\t\t\t\t\t<p class=\"elementor-heading-title elementor-size-default\">Opt intr\u0103ri<\/p>\t\t\t\t<\/div>\n\t\t\t\t<\/div>\n\t\t\t\t<div class=\"elementor-element elementor-element-da83d40 elementor-widget__width-initial elementor-widget elementor-widget-heading\" data-id=\"da83d40\" data-element_type=\"widget\" data-e-type=\"widget\" data-widget_type=\"heading.default\">\n\t\t\t\t<div class=\"elementor-widget-container\">\n\t\t\t\t\t<div class=\"elementor-heading-title elementor-size-default\">Valabile o lun\u0103<\/div>\t\t\t\t<\/div>\n\t\t\t\t<\/div>\n\t\t\t\t<div class=\"elementor-element elementor-element-3873bbc elementor-widget elementor-widget-heading\" data-id=\"3873bbc\" data-element_type=\"widget\" data-e-type=\"widget\" data-widget_type=\"heading.default\">\n\t\t\t\t<div class=\"elementor-widget-container\">\n\t\t\t\t\t<p class=\"elementor-heading-title elementor-size-default\">360 <span style=\"font-size:15px;margin-left:-6px;font-weight:400\">LEI<\/span><\/p>\t\t\t\t<\/div>\n\t\t\t\t<\/div>\n\t\t\t\t<div class=\"elementor-element elementor-element-f35c9cd elementor-widget elementor-widget-html\" data-id=\"f35c9cd\" data-element_type=\"widget\" data-e-type=\"widget\" data-widget_type=\"html.default\">\n\t\t\t\t<div class=\"elementor-widget-container\">\n\t\t\t\t\t <a href=\"#\" data-tooltip=\"Po\u021bi participa la clase dec\u00e2t dup\u0103 terminarea cursului\" target=\"_self\" class=\"btnSmall\" style=\"background-color:#717391;padding: 12px 21px 12px 21px;    text-transform: uppercase;    font-weight: 500;\">Cump\u0103r\u0103<\/a>\t\t\t\t<\/div>\n\t\t\t\t<\/div>\n\t\t\t\t<\/div>\n\t\t\t\t<\/div>\n\t\t\t\t<div class=\"elementor-element elementor-element-5431b38 elementor-widget__width-initial elementor-widget elementor-widget-text-editor\" data-id=\"5431b38\" data-element_type=\"widget\" data-e-type=\"widget\" data-widget_type=\"text-editor.default\">\n\t\t\t\t<div class=\"elementor-widget-container\">\n\t\t\t\t\t\t\t\t\t<p>Dup\u0103 terminarea cursului recomand practicarea exercitiilor pentru a te bucura pe deplin de efectele lor benefice. Po\u021bi face asta singur\u0103 acas\u0103 sau \u00eempreun\u0103 cu mine \u0219i alte cursante, live pe zoom.<\/p>\t\t\t\t\t\t\t\t<\/div>\n\t\t\t\t<\/div>\n\t\t\t\t<div class=\"elementor-element elementor-element-0d2f287 elementor-widget__width-initial elementor-widget elementor-widget-text-editor\" data-id=\"0d2f287\" data-element_type=\"widget\" data-e-type=\"widget\" data-widget_type=\"text-editor.default\">\n\t\t\t\t<div class=\"elementor-widget-container\">\n\t\t\t\t\t\t\t\t\t<p>Dou\u0103 zile pe s\u0103pt\u0103m\u00e2n\u0103 \u021bin clase AVIVA online la care te po\u021bi conecta cu unul din pachetele de mai sus.\u00a0\u00a0<\/p>\t\t\t\t\t\t\t\t<\/div>\n\t\t\t\t<\/div>\n\t\t\t\t<div class=\"elementor-element elementor-element-30bcc97 elementor-widget elementor-widget-heading\" data-id=\"30bcc97\" data-element_type=\"widget\" data-e-type=\"widget\" data-widget_type=\"heading.default\">\n\t\t\t\t<div class=\"elementor-widget-container\">\n\t\t\t\t\t<p class=\"elementor-heading-title elementor-size-default\">Program <\/p>\t\t\t\t<\/div>\n\t\t\t\t<\/div>\n\t\t\t\t<div class=\"elementor-element elementor-element-36d4e0a elementor-widget__width-initial elementor-widget elementor-widget-text-editor\" data-id=\"36d4e0a\" data-element_type=\"widget\" data-e-type=\"widget\" data-widget_type=\"text-editor.default\">\n\t\t\t\t<div class=\"elementor-widget-container\">\n\t\t\t\t\t\t\t\t\t<p><b>Mar\u021bi:<\/b><\/p><p>07:00 &#8211; 08:00 (online pe Zoom)<\/p><p>19:10 &#8211; 20:10 (fizic la sala + online de Zoom)<\/p><p><strong>cs\u00fct\u00f6rt\u00f6k<\/strong>:<\/p><p>07:00 &#8211; 8:00 (online pe Zoom)<\/p><p>19:00 &#8211; 20:00 (online pe Zoom)<\/p><p>\u00a0<\/p>\t\t\t\t\t\t\t\t<\/div>\n\t\t\t\t<\/div>\n\t\t\t\t<div class=\"elementor-element elementor-element-2c0eaa4 elementor-widget elementor-widget-heading\" data-id=\"2c0eaa4\" data-element_type=\"widget\" data-e-type=\"widget\" data-widget_type=\"heading.default\">\n\t\t\t\t<div class=\"elementor-widget-container\">\n\t\t\t\t\t<p class=\"elementor-heading-title elementor-size-default\">Unde<\/p>\t\t\t\t<\/div>\n\t\t\t\t<\/div>\n\t\t\t\t<div class=\"elementor-element elementor-element-0af83ab elementor-widget__width-initial elementor-widget elementor-widget-text-editor\" data-id=\"0af83ab\" data-element_type=\"widget\" data-e-type=\"widget\" data-widget_type=\"text-editor.default\">\n\t\t\t\t<div class=\"elementor-widget-container\">\n\t\t\t\t\t\t\t\t\t<p>Clasele de practic\u0103 Aviva le \u021bin at\u00e2t online, c\u00e2t \u0219i fizic, la GetFit Studio, Bra\u0219ov\u00a0<\/p>\t\t\t\t\t\t\t\t<\/div>\n\t\t\t\t<\/div>\n\t\t\t\t\t<\/div>\n\t\t\t\t<\/div>\n\t\t\t\t\t<\/div>\n\t\t\t\t<\/div>\n\t\t\t\t<\/div>","protected":false},"excerpt":{"rendered":"<p>AVIVA \u00eempreun\u0103 Clase &#8211; Gimnastic\u0103 hormonal\u0103 AVIVA Ointrare Valabil\u0103 o s\u0103pt\u0103m\u00e2n\u0103 60 LEI Cump\u0103r\u0103 Cump\u0103r\u0103 Patru intr\u0103ri Valabile o lun\u0103 200 LEI Cump\u0103r\u0103 Cump\u0103r\u0103 Opt intr\u0103ri Valabile o lun\u0103 360 LEI Cump\u0103r\u0103 Cump\u0103r\u0103 Dup\u0103 terminarea cursului recomand practicarea exercitiilor pentru a te bucura pe deplin de efectele lor benefice. Po\u021bi face asta singur\u0103 acas\u0103 sau [&hellip;]<\/p>\n","protected":false},"author":119,"featured_media":0,"parent":0,"menu_order":0,"comment_status":"closed","ping_status":"closed","template":"elementor_header_footer","meta":{"footnotes":""},"class_list":["post-5842","page","type-page","status-publish","hentry"],"_links":{"self":[{"href":"https:\/\/ibiflorea.com\/hu\/wp-json\/wp\/v2\/pages\/5842","targetHints":{"allow":["GET"]}}],"collection":[{"href":"https:\/\/ibiflorea.com\/hu\/wp-json\/wp\/v2\/pages"}],"about":[{"href":"https:\/\/ibiflorea.com\/hu\/wp-json\/wp\/v2\/types\/page"}],"author":[{"embeddable":true,"href":"https:\/\/ibiflorea.com\/hu\/wp-json\/wp\/v2\/users\/119"}],"replies":[{"embeddable":true,"href":"https:\/\/ibiflorea.com\/hu\/wp-json\/wp\/v2\/comments?post=5842"}],"version-history":[{"count":5,"href":"https:\/\/ibiflorea.com\/hu\/wp-json\/wp\/v2\/pages\/5842\/revisions"}],"predecessor-version":[{"id":17550,"href":"https:\/\/ibiflorea.com\/hu\/wp-json\/wp\/v2\/pages\/5842\/revisions\/17550"}],"wp:attachment":[{"href":"https:\/\/ibiflorea.com\/hu\/wp-json\/wp\/v2\/media?parent=5842"}],"curies":[{"name":"wp","href":"https:\/\/api.w.org\/{rel}","templated":true}]}}