{"id":4187,"date":"2024-07-05T16:47:14","date_gmt":"2024-07-05T16:47:14","guid":{"rendered":"https:\/\/ibiflorea.com\/?page_id=4187"},"modified":"2025-09-20T15:12:59","modified_gmt":"2025-09-20T12:12:59","slug":"blog","status":"publish","type":"page","link":"https:\/\/ibiflorea.com\/hu\/blog\/","title":{"rendered":"BLOGOK"},"content":{"rendered":"<div data-elementor-type=\"wp-page\" data-elementor-id=\"4187\" class=\"elementor elementor-4187\" data-elementor-post-type=\"page\">\n\t\t\t\t<div class=\"elementor-element elementor-element-007edf3 e-flex e-con-boxed e-con e-parent\" data-id=\"007edf3\" data-element_type=\"container\" data-e-type=\"container\" data-settings=\"{&quot;background_background&quot;:&quot;classic&quot;}\">\n\t\t\t\t\t<div class=\"e-con-inner\">\n\t\t\t\t<div class=\"elementor-element elementor-element-2cc4f8a elementor-widget elementor-widget-heading\" data-id=\"2cc4f8a\" data-element_type=\"widget\" data-e-type=\"widget\" data-widget_type=\"heading.default\">\n\t\t\t\t<div class=\"elementor-widget-container\">\n\t\t\t\t\t<h1 class=\"elementor-heading-title elementor-size-default\">BLOGOK<\/h1>\t\t\t\t<\/div>\n\t\t\t\t<\/div>\n\t\t\t\t<div class=\"elementor-element elementor-element-7773eb2 elementor-grid-3 elementor-grid-tablet-2 elementor-grid-mobile-1 elementor-posts--thumbnail-top elementor-widget elementor-widget-posts\" data-id=\"7773eb2\" data-element_type=\"widget\" data-e-type=\"widget\" data-settings=\"{&quot;pagination_type&quot;:&quot;prev_next&quot;,&quot;classic_columns&quot;:&quot;3&quot;,&quot;classic_columns_tablet&quot;:&quot;2&quot;,&quot;classic_columns_mobile&quot;:&quot;1&quot;,&quot;classic_row_gap&quot;:{&quot;unit&quot;:&quot;px&quot;,&quot;size&quot;:35,&quot;sizes&quot;:[]},&quot;classic_row_gap_tablet&quot;:{&quot;unit&quot;:&quot;px&quot;,&quot;size&quot;:&quot;&quot;,&quot;sizes&quot;:[]},&quot;classic_row_gap_mobile&quot;:{&quot;unit&quot;:&quot;px&quot;,&quot;size&quot;:&quot;&quot;,&quot;sizes&quot;:[]}}\" data-widget_type=\"posts.classic\">\n\t\t\t\t<div class=\"elementor-widget-container\">\n\t\t\t\t\t\t\t<div class=\"elementor-posts-container elementor-posts elementor-posts--skin-classic elementor-grid\" role=\"list\">\n\t\t\t\t<article class=\"elementor-post elementor-grid-item post-4283 post type-post status-publish format-standard has-post-thumbnail hentry category-blog\" role=\"listitem\">\n\t\t\t\t<a class=\"elementor-post__thumbnail__link\" href=\"https:\/\/ibiflorea.com\/hu\/cum-te-poate-ajuta-gimnastica-aviva-in-procedurile-de-fertilizare-in-vitro-sau-inseminare-artificiala\/\" tabindex=\"-1\" >\n\t\t\t<div class=\"elementor-post__thumbnail\"><img fetchpriority=\"high\" decoding=\"async\" width=\"768\" height=\"440\" src=\"https:\/\/ibiflorea.com\/wp-content\/uploads\/2024\/07\/dsasa-768x440.jpg\" class=\"attachment-medium_large size-medium_large wp-image-11561\" alt=\"\" srcset=\"https:\/\/ibiflorea.com\/wp-content\/uploads\/2024\/07\/dsasa-768x440.jpg 768w, https:\/\/ibiflorea.com\/wp-content\/uploads\/2024\/07\/dsasa-300x172.jpg 300w, https:\/\/ibiflorea.com\/wp-content\/uploads\/2024\/07\/dsasa-1024x587.jpg 1024w, https:\/\/ibiflorea.com\/wp-content\/uploads\/2024\/07\/dsasa-1536x880.jpg 1536w, https:\/\/ibiflorea.com\/wp-content\/uploads\/2024\/07\/dsasa-18x10.jpg 18w, https:\/\/ibiflorea.com\/wp-content\/uploads\/2024\/07\/dsasa.jpg 1786w\" sizes=\"(max-width: 768px) 100vw, 768px\" \/><\/div>\n\t\t<\/a>\n\t\t\t\t<div class=\"elementor-post__text\">\n\t\t\t\t<h3 class=\"elementor-post__title\">\n\t\t\t<a href=\"https:\/\/ibiflorea.com\/hu\/cum-te-poate-ajuta-gimnastica-aviva-in-procedurile-de-fertilizare-in-vitro-sau-inseminare-artificiala\/\" >\n\t\t\t\tCum te poate ajuta gimnastica Aviva \u00een procedurile de fertilizare in vitro sau inseminare artificial\u0103\t\t\t<\/a>\n\t\t<\/h3>\n\t\t\t\t<div class=\"elementor-post__meta-data\">\n\t\t\t\t\t<span class=\"elementor-post-date\">\n\t\t\t8 j\u00falius 2024\t\t<\/span>\n\t\t\t\t<span class=\"elementor-post-avatar\">\n\t\t\tNincs hozz\u00e1sz\u00f3l\u00e1s\t\t<\/span>\n\t\t\t\t<\/div>\n\t\t\t\t<\/div>\n\t\t\t\t<\/article>\n\t\t\t\t<article class=\"elementor-post elementor-grid-item post-4161 post type-post status-publish format-standard has-post-thumbnail hentry category-blog\" role=\"listitem\">\n\t\t\t\t<a class=\"elementor-post__thumbnail__link\" href=\"https:\/\/ibiflorea.com\/hu\/cum-sa-iti-sustii-fertilitatea-cu-ajutorul-gimnasticii-aviva-ca-sa-ramai-insarcinata-mai-usor-ghid-complet\/\" tabindex=\"-1\" >\n\t\t\t<div class=\"elementor-post__thumbnail\"><img decoding=\"async\" width=\"768\" height=\"431\" src=\"https:\/\/ibiflorea.com\/wp-content\/uploads\/2024\/07\/fgq-768x431.jpeg\" class=\"attachment-medium_large size-medium_large wp-image-11562\" alt=\"\" srcset=\"https:\/\/ibiflorea.com\/wp-content\/uploads\/2024\/07\/fgq-768x431.jpeg 768w, https:\/\/ibiflorea.com\/wp-content\/uploads\/2024\/07\/fgq-300x168.jpeg 300w, https:\/\/ibiflorea.com\/wp-content\/uploads\/2024\/07\/fgq-1024x574.jpeg 1024w, https:\/\/ibiflorea.com\/wp-content\/uploads\/2024\/07\/fgq-18x10.jpeg 18w, https:\/\/ibiflorea.com\/wp-content\/uploads\/2024\/07\/fgq.jpeg 1312w\" sizes=\"(max-width: 768px) 100vw, 768px\" \/><\/div>\n\t\t<\/a>\n\t\t\t\t<div class=\"elementor-post__text\">\n\t\t\t\t<h3 class=\"elementor-post__title\">\n\t\t\t<a href=\"https:\/\/ibiflorea.com\/hu\/cum-sa-iti-sustii-fertilitatea-cu-ajutorul-gimnasticii-aviva-ca-sa-ramai-insarcinata-mai-usor-ghid-complet\/\" >\n\t\t\t\tCum s\u0103 \u00ee\u021bi sus\u021bii fertilitatea cu ajutorul gimnasticii Aviva ca s\u0103 r\u0103m\u00e2i \u00eens\u0103rcinat\u0103 mai u\u0219or &#8211; Ghid complet\t\t\t<\/a>\n\t\t<\/h3>\n\t\t\t\t<div class=\"elementor-post__meta-data\">\n\t\t\t\t\t<span class=\"elementor-post-date\">\n\t\t\t5 j\u00falius 2024\t\t<\/span>\n\t\t\t\t<span class=\"elementor-post-avatar\">\n\t\t\tNincs hozz\u00e1sz\u00f3l\u00e1s\t\t<\/span>\n\t\t\t\t<\/div>\n\t\t\t\t<\/div>\n\t\t\t\t<\/article>\n\t\t\t\t<\/div>\n\t\t\n\t\t\t\t\t\t<\/div>\n\t\t\t\t<\/div>\n\t\t\t\t\t<\/div>\n\t\t\t\t<\/div>\n\t\t\t\t<\/div>","protected":false},"excerpt":{"rendered":"<p>BLOGOK<\/p>","protected":false},"author":119,"featured_media":0,"parent":0,"menu_order":0,"comment_status":"closed","ping_status":"closed","template":"elementor_header_footer","meta":{"footnotes":""},"class_list":["post-4187","page","type-page","status-publish","hentry"],"_links":{"self":[{"href":"https:\/\/ibiflorea.com\/hu\/wp-json\/wp\/v2\/pages\/4187","targetHints":{"allow":["GET"]}}],"collection":[{"href":"https:\/\/ibiflorea.com\/hu\/wp-json\/wp\/v2\/pages"}],"about":[{"href":"https:\/\/ibiflorea.com\/hu\/wp-json\/wp\/v2\/types\/page"}],"author":[{"embeddable":true,"href":"https:\/\/ibiflorea.com\/hu\/wp-json\/wp\/v2\/users\/119"}],"replies":[{"embeddable":true,"href":"https:\/\/ibiflorea.com\/hu\/wp-json\/wp\/v2\/comments?post=4187"}],"version-history":[{"count":5,"href":"https:\/\/ibiflorea.com\/hu\/wp-json\/wp\/v2\/pages\/4187\/revisions"}],"predecessor-version":[{"id":17460,"href":"https:\/\/ibiflorea.com\/hu\/wp-json\/wp\/v2\/pages\/4187\/revisions\/17460"}],"wp:attachment":[{"href":"https:\/\/ibiflorea.com\/hu\/wp-json\/wp\/v2\/media?parent=4187"}],"curies":[{"name":"wp","href":"https:\/\/api.w.org\/{rel}","templated":true}]}}