{"id":14709,"date":"2025-01-27T09:51:15","date_gmt":"2025-01-27T07:51:15","guid":{"rendered":"https:\/\/ibiflorea.com\/?page_id=14709"},"modified":"2025-09-20T11:28:51","modified_gmt":"2025-09-20T08:28:51","slug":"termene-si-conditii","status":"publish","type":"page","link":"https:\/\/ibiflorea.com\/hu\/termene-si-conditii\/","title":{"rendered":"Felhaszn\u00e1l\u00e1si felt\u00e9telek"},"content":{"rendered":"<div data-elementor-type=\"wp-page\" data-elementor-id=\"14709\" class=\"elementor elementor-14709\" data-elementor-post-type=\"page\">\n\t\t\t\t<div class=\"elementor-element elementor-element-349ce01 e-flex e-con-boxed e-con e-parent\" data-id=\"349ce01\" data-element_type=\"container\" data-e-type=\"container\">\n\t\t\t\t\t<div class=\"e-con-inner\">\n\t\t<div class=\"elementor-element elementor-element-95e6be1 e-con-full e-flex e-con e-child\" data-id=\"95e6be1\" data-element_type=\"container\" data-e-type=\"container\">\n\t\t\t\t<div class=\"elementor-element elementor-element-58cf417 elementor-widget__width-initial elementor-widget elementor-widget-text-editor\" data-id=\"58cf417\" data-element_type=\"widget\" data-e-type=\"widget\" data-widget_type=\"text-editor.default\">\n\t\t\t\t<div class=\"elementor-widget-container\">\n\t\t\t\t\t\t\t\t\t<h3><span style=\"font-family: Karla, sans-serif; font-size: 21px;\">Ave\u021bi dreptul de a accesa \u0219i utiliza website-ul sub rezerva accept\u0103rii de c\u0103tre dumneavoastr\u0103 a acestor Termeni \u0219i Condi\u021bii.<\/span><\/h3>\n<p>Accesul pe website-ul <strong>www.ibiflorea.com<\/strong> (denumit \u00een continuare website-ul) \u00een vederea efectu\u0103rii unei comenzi sau \u00een vederea \u00eenscrierii la evenimente \u0219i la sesiuni individuale \u0219i\/sau de grup este permis\u0103 oric\u0103rei persoane fizice sau juridice (denumit\u0103 \u00een continuare client), care respect\u0103 Termenii \u0219i Condi\u021biile urm\u0103toare.<\/p><p><br><\/p>\n<h4>Obliga\u021biile Clientului<\/h4>\n<p>Pentru a putea finaliza cu succes procedura de cump\u0103rare, de \u00eenscriere la evenimente \u0219i la sesiuni individuale \u0219i\/sau de grup, Clientul \u00ee\u0219i asum\u0103 obliga\u021bia de a furniza informa\u021biile care \u00eei sunt solicitate \u0219i de a completa toate c\u00e2mpurile \u00een mod adecvat, complet, corect \u0219i real, a\u0219a cum acestea apar specificate \u00een documentul de identitate personal.<\/p><p><br><\/p>\n<h4>Despre Administrator<\/h4>\n<p>Acest website este de\u021binut \u0219i administrat de c\u0103tre <strong>FLOREA S. IBOLYA-ERZSEBET \u00ceNTREPRINDERE INDIVIDUAL\u0102<\/strong>, o societate cu sediul social \u00een Bra\u0219ov, jud. Bra\u0219ov \u0219i cod unic de \u00eenregistrare 51112939, care v\u0103 ofer\u0103 dreptul de a utiliza \u0219i accesa website-ul sub rezerva accept\u0103rii de c\u0103tre dumneavoastr\u0103 a acestor Termeni \u0219i Condi\u021bii.<\/p>\n<p>Acces\u00e2nd \u0219i utiliz\u00e2nd website-ul v\u0103 oferi\u021bi automat \u0219i neechivoc acordul pentru respectarea Termenilor \u0219i Condi\u021biilor de pe website.<\/p><p><br><\/p>\n<h4>Modificarea Termenilor \u0219i Condi\u021biilor<\/h4>\n<p><strong>FLOREA S. IBOLYA-ERZSEBET \u00ceNTREPRINDERE INDIVIDUAL\u0102<\/strong> \u00ee\u0219i rezerv\u0103 dreptul de a modifica Termenii \u0219i Condi\u021biile oric\u00e2nd, f\u0103r\u0103 o notificare prealabil\u0103, post\u00e2nd varianta actualizat\u0103 pe website, iar Clientul are obliga\u021bia de a citi Termenii \u0219i Condi\u021biile ori de c\u00e2te ori acceseaz\u0103 website-ul.<\/p>\n<p>Clientul \u0219i\/sau utilizatorul are obliga\u021bia de a respecta \u00eentocmai Termenii \u0219i Condi\u021biile prezente pe website \u0219i nu poate pretinde \u0219i nu se poate ap\u0103ra cu necunoa\u0219terea Termenilor \u0219i Condi\u021biilor de pe site, valabili la data acces\u0103rii, utiliz\u0103rii \u0219i\/sau \u00een cazul \u00eenscrierii la un eveniment sau o sesiune individual\u0103 \u0219i\/sau de grup.<\/p><p><br><\/p>\n<h4>Disponibilitatea Website-ului<\/h4>\n<p>Utilizarea discontinu\u0103 \u0219i ne\u00eentrerupt\u0103 a website-ului nu poate fi garantat\u0103. Este posibil s\u0103 intervin\u0103 erori, defecte, viru\u0219i sau alte comportamente d\u0103un\u0103toare pe site sau pe servere care s\u0103 \u00eel fac\u0103 indisponibil pentru o perioad\u0103 nedefinit\u0103 de timp. Vom face tot ceea ce este rezonabil pentru a limita \u0219i pentru a \u00eenl\u0103tura astfel de evenimente. Clientul\/utilizatorul nu are dreptul de a interveni \u00een operarea website-ului nostru \u0219i nici s\u0103 ia vreo m\u0103sur\u0103 de interven\u021bie asupra echipamentului nostru electronic.<\/p>\n<p>\u00cen cazul \u00een care constat\u0103m nerespectarea acestor Termeni \u0219i Condi\u021bii prezente pe website, ne rezerv\u0103m dreptul de a \u00eenceta sau restric\u021biona accesul oric\u0103rei persoane la website \u00een orice moment f\u0103r\u0103 a anun\u021ba \u00een prealabil \u0219i f\u0103r\u0103 r\u0103spundere.<\/p><p><br><\/p>\n<h3><b>Informa\u021bii Generale<\/b><\/h3>\n<h4>Natura Informa\u021biilor<\/h4>\n<p>Informa\u021biile furnizate pe acest site sunt exclusiv de natur\u0103 informativ\u0103. Ele nu sunt destinate diagnostic\u0103rii sau trat\u0103rii niciunei boli sau afec\u021biuni.<\/p>\n<p>Informa\u021biile prezentate reflect\u0103 cuno\u0219tin\u021bele \u0219i experien\u021ba personal\u0103 ale administratorului.<\/p>\n<p>Utilizarea informa\u021biilor furnizate se face pe propria r\u0103spundere a utilizatorului.<\/p>\n<p>Aplicarea \u0219i interpretarea practic\u0103 a acestor informa\u021bii sunt responsabilitatea exclusiv\u0103 a utilizatorului.<\/p><p><br><\/p>\n<h4>Consultarea Specialistului<\/h4>\n<p>\u00cen cazul oric\u0103ror modific\u0103ri ale dietei sau stilului de via\u021b\u0103, este necesar s\u0103 consulta\u021bi \u00eentotdeauna un medic specialist.<\/p>\n<p>Informa\u021biile furnizate nu sunt destinate stabilirii unui diagnostic medical, prevenirii sau trat\u0103rii vreunei afec\u021biuni \u0219i nu pot fi utilizate \u00een acest scop, inclusiv pentru autodiagnosticare, preven\u021bie sau tratament.<\/p>\n<p>Aceste informa\u021bii nu trebuie interpretate ca instruc\u021biuni clare sau declara\u021bii definitive, ci doar ca materiale informative \u0219i educative.<\/p>\n<p><strong>ibiflorea.com nu desf\u0103\u0219oar\u0103 activit\u0103\u021bi medicale.<\/strong><\/p><p><strong><br><\/strong><\/p>\n<h4>Limitarea Responsabilit\u0103\u021bii pentru Informa\u021bii<\/h4>\n<p>Administratorul con\u021binutului nu \u00ee\u0219i asum\u0103 nicio responsabilitate moral\u0103 sau material\u0103 pentru eventualele daune directe sau indirecte rezultate din utilizarea informa\u021biilor prezentate.<\/p>\n<p>Administratorul con\u021binutului exclude \u00een mod expres orice responsabilitate legat\u0103 de ac\u021biunile \u00eentreprinse sau ne\u00eentreprinse pe baza informa\u021biilor con\u021binute \u00een aceste materiale. Acestea sunt destinate exclusiv scopurilor educative \u0219i informative \u0219i nu trebuie interpretate ca sfaturi medicale.<\/p>\n<p>Informa\u021biile furnizate nu creeaz\u0103 o rela\u021bie cu un specialist calificat \u00een domeniul s\u0103n\u0103t\u0103\u021bii \u0219i nici nu inten\u021bioneaz\u0103 s\u0103 \u00eenlocuiasc\u0103 o astfel de rela\u021bie. Consulta\u021bi \u00eentotdeauna medicul dumneavoastr\u0103 de familie sau un alt specialist calificat pentru orice \u00eentrebare legat\u0103 de s\u0103n\u0103tatea dumneavoastr\u0103, \u00eenainte de a \u00eencepe o diet\u0103 special\u0103, un program de exerci\u021bii fizice sau administrarea unui supliment alimentar.<\/p><p><br><\/p>\n<p><strong>NU IGNORA\u021aI NICIODAT\u0102 SFATURILE UNUI MEDIC CALIFICAT, NU AM\u00c2NA\u021aI SOLICITAREA UNEI CONSULTA\u021aII SAU A UNUI TRATAMENT MEDICAL \u0218I NU \u00ceNTRERUPE\u021aI UN TRATAMENT \u00ceN CURS DIN CAUZA INFORMA\u021aIILOR CITITE PE ACEST SITE.<\/strong><\/p>\n<p><strong>\u00ceN CAZUL UNEI URGEN\u021aE MEDICALE, CONTACTA\u021aI MEDICUL DUMNEAVOASTR\u0102 SAU CEL MAI APROPIAT SERVICIU DE URGEN\u021a\u0102!<\/strong><\/p><p><strong><br><\/strong><\/p>\n<h3><b>Con\u021binut \u0219i Proprietate Intelectual\u0103<\/b><\/h3>\n<p>\u00centregul con\u021binut al website-ului <strong>www.ibiflorea.com<\/strong> prezentat pe website este proprietatea exclusiv\u0103 a administratorului (<strong>FLOREA S. IBOLYA-ERZSEBET \u00ceNTREPRINDERE INDIVIDUAL\u0102<\/strong>), fiindu-i rezervate toate drepturile ob\u021binute \u00een acest sens \u00een mod direct sau indirect (prin licen\u021be de utilizare \u0219i\/sau publicare) \u0219i sunt protejate prin Legea drepturilor de autor \u0219i prin alte legi privind dreptul de proprietate intelectual\u0103.<\/p>\n<p>Sunt ilegale \u00eencerc\u0103rile de a le prelua, indiferent de mijloace, iar dac\u0103 acest lucru se va \u00eent\u00e2mpla \u0219i se va sesiza, vor fi referite justi\u021biei.<\/p><p><br><\/p>\n<h4><b>Restric\u021bii de Utilizare<\/b><\/h4>\n<p>Clientului\/Utilizatorului nu \u00eei este permis\u0103 copierea, distribuirea, publicarea, transferul c\u0103tre ter\u021be p\u0103r\u021bi, modificarea \u0219i\/sau alterarea, utilizarea, legarea la, expunerea, includerea oric\u0103rui con\u021binut \u00een orice alt context dec\u00e2t cel original inten\u021bionat de administrator.<\/p>\n<p>Clientul\/Utilizatorul poate copia, transfera \u0219i\/sau utiliza con\u021binutul de pe acest website numai cu acordul scris prealabil al administratorului (<strong>FLOREA S. IBOLYA-ERZSEBET \u00ceNTREPRINDERE INDIVIDUAL\u0102<\/strong>) \u0219i numai \u00een scopuri personale, non comerciale.<\/p>\n<p>Administratorul nu este responsabil pentru modalitatea \u00een care utilizatorii \u0219i\/sau clien\u021bii sau ter\u021be p\u0103r\u021bi, indiferent de natura lor, utilizeaz\u0103 con\u021binutul f\u0103r\u0103 \u00een\u0219tiin\u021barea \u0219i acordul prealabil al administratorului.<\/p>\n<p>Tot con\u021binutul de pe acest website are caracter de sugestie \u0219i prezentare \u0219i poate fi modificat oric\u00e2nd de c\u0103tre administratorul <strong>FLOREA S. IBOLYA-ERZSEBET \u00ceNTREPRINDERE INDIVIDUAL\u0102<\/strong>.<\/p><p><br><\/p>\n<h3><b>Politica de V\u00e2nzare Online<\/b><\/h3>\n<h4>Eligibilitatea<\/h4>\n<p>Oricare persoan\u0103 fizic\u0103 care a \u00eemplinit cel pu\u021bin 18 ani sau persoanele juridice au accesul \u00een vederea \u00eenregistr\u0103rii la evenimente \u0219i sesiuni individuale \u0219i\/sau de grup.<\/p>\n<p>\u00cen cazul \u00een care ac\u021biunile unei persoane fizice sau juridice ar putea prejudicia sau au prejudicit deja administratorul, acesta \u00ee\u0219i rezerv\u0103 dreptul de a restric\u021biona dreptul de \u00eenregistrare la evenimente \u0219i sesiuni individuale \u0219i\/sau de grup. De asemenea, \u00een cazul \u00een care evenimentul organizat a atins num\u0103rul maxim de participan\u021bi, \u00eenregistrarea poate fi restric\u021bionat\u0103.<\/p><p><br><\/p>\n<h4>Tarife \u0219i \u00cenregistrare<\/h4>\n<p>Toate tarifele de pe acest site sunt exprimate \u00een <strong>Lei\/Ron<\/strong>.<\/p>\n<p>Pentru a v\u0103 \u00eenregistra la evenimente \u0219i sesiunile individuale \u0219i\/sau de grup prezentate pe website este necesar s\u0103 completa\u021bi formularul de \u00eenregistrare \u0219i ad\u0103ugarea num\u0103rului de bilete dorite \u00een co\u0219ul de cump\u0103r\u0103turi. \u00cenregistrarea se finalizeaz\u0103 \u00een momentul efectu\u0103rii pl\u0103\u021bii prin una dintre modalit\u0103\u021bile indicate pe website. \u00censcrierea \u00een lipsa finaliz\u0103rii procesului de completare a formularului, nu atrage dup\u0103 sine rezervarea \u0219i \u00eenregistrarea la evenimente \u0219i sesiuni individuale \u0219i\/sau de grup.<\/p><p><br><\/p>\n<h4>Anularea \u00cenregistr\u0103rii<\/h4>\n<p>Administratorul <strong>FLOREA S. IBOLYA-ERZSEBET \u00ceNTREPRINDERE INDIVIDUAL\u0102<\/strong> poate anula o \u00eenregistrare \u00een urma unei notific\u0103ri f\u0103r\u0103 nicio obliga\u021bie ulterioar\u0103 a vreunei p\u0103r\u021bi fa\u021b\u0103 de cealalt\u0103 sau f\u0103r\u0103 ca vreo parte s\u0103 poat\u0103 s\u0103 pretind\u0103 celeilalte daune-interese \u00een urm\u0103toarele cazuri:<\/p>\n<ul>\n<li>Neacceptarea de c\u0103tre banca emitent\u0103 a cardului, a tranzac\u021biei, \u00een cazul pl\u0103\u021bii online;<\/li>\n<li>Invalidarea tranzac\u021biei de c\u0103tre procesatorul de pl\u0103\u021bi agreat, \u00een cazul pl\u0103\u021bii online;<\/li>\n<li>Datele furnizate sunt incomplete \u0219i\/sau incorecte;<\/li>\n<li>Evenimentul a atins num\u0103rul maxim de participan\u021bi \u0219i nu mai sunt locuri disponibile.<\/li>\n<\/ul>\n<h3><b><br><\/b><\/h3><h3><b>Modalitatea de Plat\u0103<\/b><\/h3>\n<p>Pe acest website sunt disponibile urm\u0103toarele modalit\u0103\u021bi de plat\u0103 pentru cursuri \u0219i clase de grup sau pentru oricare alt serviciu prestat de <strong>FLOREA S. IBOLYA-ERZSEBET \u00ceNTREPRINDERE INDIVIDUAL\u0102<\/strong>:<\/p>\n<p><strong>Plata cu cardul, online<\/strong>, direct pe website-ul <strong>www.ibiflorea.com<\/strong>, prin intermediul procesatorului de pl\u0103\u021bi agreat.<\/p>\n<h4><br><\/h4><h4>Facturare \u0219i Plat\u0103<\/h4>\n<p>Plata se va efectua de c\u0103tre dumneavoastr\u0103 \u00eenainte de eveniment, respect\u00e2nd termenele de plat\u0103 pentru fiecare eveniment, a\u0219a cum sunt specificate \u00een descrierea acestuia. \u00cen baza confirm\u0103rii pl\u0103\u021bii va fi emis\u0103 factur\u0103 fiscal\u0103 final\u0103 care va fi transmis\u0103 pe email.<\/p>\n<p>Pentru plata cu cardul, online, factura fiscal\u0103 final\u0103 este emis\u0103 \u0219i transmis\u0103 automat pe email, la c\u00e2teva secunde dup\u0103 procesarea cu succes a pl\u0103\u021bii. Locul este rezervat automat doar dup\u0103 efectuarea \u0219i confirmarea pl\u0103\u021bii. Biletul este nominal, netransferabil \u0219i are un num\u0103r unic de identificare. Pe baza acestor informa\u021bii are accesul la eveniment doar persoana pe numele c\u0103reia a fost emis.<\/p>\n<h3><br><\/h3><h3><b>Limitare de Responsabilitate<\/b><\/h3>\n<p>Administratorul <strong>FLOREA S. IBOLYA-ERZSEBET \u00ceNTREPRINDERE INDIVIDUAL\u0102<\/strong> nu este responsabil \u00een niciun fel \u00een fa\u021b\u0103 niciunui utilizator\/client pentru modul \u00een care acesta utilizeaz\u0103 website-ul sau con\u021binutul acestuia, altfel dec\u00e2t \u00een limita articolelor ce constituie Termenii \u0219i Condi\u021biile.<\/p>\n<p>Administratorul <strong>FLOREA S. IBOLYA-ERZSEBET \u00ceNTREPRINDERE INDIVIDUAL\u0102<\/strong> nu garanteaz\u0103 clientului\/utilizatorului accesul la website \u0219i nu \u00eei ofer\u0103 dreptul de a desc\u0103rca sau de a modifica par\u021bial \u0219i\/sau integral con\u021binutul. Este interzis\u0103 reproducerea, copierea, exploatarea integral\u0103 sau par\u021bial\u0103 a con\u021binutului acestui website.<\/p>\n<p>Administratorul <strong>FLOREA S. IBOLYA-ERZSEBET \u00ceNTREPRINDERE INDIVIDUAL\u0102<\/strong> este lipsit de orice vin\u0103 \u00een cazul \u00een care utilizatorii website-ului \u0219i a con\u021binutului transmis de c\u0103tre utilizator\/client, prin orice modalitate electronic\u0103, atunci c\u00e2nd aceast\u0103 utilizare a website-ului \u0219i\/sau a con\u021binutului poate s\u0103 produc\u0103 daune de orice natur\u0103 utilizatorului\/clientului sau oric\u0103rui ter\u021b implicat \u00een transferul de con\u021binut.<\/p>\n<h3><b><br><\/b><\/h3><h3><b>Litigii<\/b><\/h3>\n<p>Utilizatorul\/Clientul accept\u0103 \u0219i \u00een\u021belege c\u0103 este de acord cu prevederile documentului Termeni \u0219i Condi\u021bii \u00een momentul \u00een care folose\u0219te\/viziteaz\u0103\/vizualizeaz\u0103 orice con\u021binut publicat pe website.<\/p>\n<p>\u00cen caz de disput\u0103 \u00eentre administrator \u0219i utilizator\/client \u00een ceea ce prive\u0219te sec\u021biunea Termeni \u0219i Condi\u021bii sau oricare alt con\u021binut distribuit \u0219i\/sau publicat pe website se va rezolva pe cale amiabil\u0103. Dac\u0103 nu va fi posibil ca disputa s\u0103 fie mediat\u0103 de c\u0103tre un mediator autorizat agreat de ambele p\u0103r\u021bi, litigiul va fi referit instan\u021belor competente din Bra\u0219ov, \u00een conformitate cu legile rom\u00e2ne \u00een vigoare.<\/p>\n<p>Dac\u0103 oricare dintre clauzele de mai sus va fi g\u0103sit\u0103 nul\u0103 sau nevalid\u0103, indiferent de cauz\u0103, aceast\u0103 clauz\u0103 nu va afecta valabilitatea celorlalte clauze.<\/p>\n<p>Acest document a fost redactat \u0219i va fi interpretat \u00een conformitate cu legisla\u021bia rom\u00e2n\u0103.<\/p>\n<h3><b><br><\/b><\/h3><h3><b>Dispozi\u021bii Finale<\/b><\/h3>\n<p>Administratorul \u00ee\u0219i rezerv\u0103 dreptul de a modifica oric\u00e2nd aceste prevederi precum \u0219i con\u021binutul \u0219i structura website-ului f\u0103r\u0103 s\u0103 ofere preaviz sau vreo notificare prealabil\u0103 utilizatorului\/clientului.<\/p>\n<p>\u00cen limita prevederilor Termeni \u0219i Condi\u021bii, administratorul <strong>FLOREA S. IBOLYA-ERZSEBET \u00ceNTREPRINDERE INDIVIDUAL\u0102<\/strong> nu va putea fi f\u0103cut responsabil pentru eventualele erori ap\u0103rute pe website din orice cauz\u0103, inclusiv din cauza unor modific\u0103ri care nu sunt f\u0103cute de c\u0103tre administratorul website-ului. Administratorul are dreptul de a introduce bannere publicitare de orice natur\u0103 \u0219i\/sau leg\u0103turi pe oricare pagin\u0103 a site-ului, cu respectarea legisla\u021biei \u00een vigoare.<\/p>\t\t\t\t\t\t\t\t<\/div>\n\t\t\t\t<\/div>\n\t\t\t\t<\/div>\n\t\t\t\t\t<\/div>\n\t\t\t\t<\/div>\n\t\t\t\t<\/div>","protected":false},"excerpt":{"rendered":"<p>Ave\u021bi dreptul de a accesa \u0219i utiliza website-ul sub rezerva accept\u0103rii de c\u0103tre dumneavoastr\u0103 a acestor Termeni \u0219i Condi\u021bii. Accesul pe website-ul www.ibiflorea.com (denumit \u00een continuare website-ul) \u00een vederea efectu\u0103rii unei comenzi sau \u00een vederea \u00eenscrierii la evenimente \u0219i la sesiuni individuale \u0219i\/sau de grup este permis\u0103 oric\u0103rei persoane fizice sau juridice (denumit\u0103 \u00een continuare [&hellip;]<\/p>\n","protected":false},"author":124,"featured_media":0,"parent":0,"menu_order":0,"comment_status":"closed","ping_status":"closed","template":"elementor_header_footer","meta":{"footnotes":""},"class_list":["post-14709","page","type-page","status-publish","hentry"],"_links":{"self":[{"href":"https:\/\/ibiflorea.com\/hu\/wp-json\/wp\/v2\/pages\/14709","targetHints":{"allow":["GET"]}}],"collection":[{"href":"https:\/\/ibiflorea.com\/hu\/wp-json\/wp\/v2\/pages"}],"about":[{"href":"https:\/\/ibiflorea.com\/hu\/wp-json\/wp\/v2\/types\/page"}],"author":[{"embeddable":true,"href":"https:\/\/ibiflorea.com\/hu\/wp-json\/wp\/v2\/users\/124"}],"replies":[{"embeddable":true,"href":"https:\/\/ibiflorea.com\/hu\/wp-json\/wp\/v2\/comments?post=14709"}],"version-history":[{"count":5,"href":"https:\/\/ibiflorea.com\/hu\/wp-json\/wp\/v2\/pages\/14709\/revisions"}],"predecessor-version":[{"id":17428,"href":"https:\/\/ibiflorea.com\/hu\/wp-json\/wp\/v2\/pages\/14709\/revisions\/17428"}],"wp:attachment":[{"href":"https:\/\/ibiflorea.com\/hu\/wp-json\/wp\/v2\/media?parent=14709"}],"curies":[{"name":"wp","href":"https:\/\/api.w.org\/{rel}","templated":true}]}}