{"id":12189,"date":"2024-09-25T07:35:17","date_gmt":"2024-09-25T04:35:17","guid":{"rendered":"https:\/\/ibiflorea.com\/events\/"},"modified":"2024-09-30T22:31:58","modified_gmt":"2024-09-30T19:31:58","slug":"calendar","status":"publish","type":"page","link":"https:\/\/ibiflorea.com\/hu\/calendar\/","title":{"rendered":"Napt\u00e1r"},"content":{"rendered":"\t\t<div data-elementor-type=\"wp-page\" data-elementor-id=\"12189\" class=\"elementor elementor-12189\" data-elementor-post-type=\"page\">\n\t\t\t\t<div class=\"elementor-element elementor-element-56e15210 e-flex e-con-boxed e-con e-parent\" data-id=\"56e15210\" data-element_type=\"container\" data-e-type=\"container\" data-settings=\"{&quot;background_background&quot;:&quot;classic&quot;}\">\n\t\t\t\t\t<div class=\"e-con-inner\">\n\t\t\t\t<div class=\"elementor-element elementor-element-3a4aa98 elementor-widget elementor-widget-shortcode\" data-id=\"3a4aa98\" data-element_type=\"widget\" data-e-type=\"widget\" data-widget_type=\"shortcode.default\">\n\t\t\t\t<div class=\"elementor-widget-container\">\n\t\t\t\t\t\t\t<div class=\"elementor-shortcode\"><script>var MEC_Month_Picker_Data = {\"dates\":{\"days\":[\"vas\u00e1rnap\",\"h\u00e9tf\u0151\",\"kedd\",\"szerda\",\"cs\u00fct\u00f6rt\u00f6k\",\"p\u00e9ntek\",\"szombat\",\"vas\u00e1rnap\"],\"daysShort\":[\"vas\",\"h\u00e9t\",\"ked\",\"sze\",\"cs\u00fc\",\"p\u00e9n\",\"szo\",\"vas\"],\"daysMin\":[\"vas\",\"h\u00e9t\",\"ked\",\"sze\",\"cs\u00fc\",\"p\u00e9n\",\"szo\",\"vas\"],\"months\":[\"janu\u00e1r\",\"febru\u00e1r\",\"m\u00e1rcius\",\"\u00e1prilis\",\"m\u00e1jus\",\"j\u00fanius\",\"j\u00falius\",\"augusztus\",\"szeptember\",\"okt\u00f3ber\",\"november\",\"december\"],\"monthsShort\":[\"jan\",\"febr\",\"m\u00e1rc\",\"\u00e1pr\",\"m\u00e1j\",\"j\u00fan\",\"j\u00fal\",\"aug\",\"szept\",\"okt\",\"nov\",\"dec\"]}} <\/script><div class=\"mec-gCalendar\" id=\"mec_skin_12266\">\r\n\t<div id='gCalendar-loading' class=\"mec-modal-result\" style=\"display: none\"><\/div>\r\n\t<div id=\"mec-gCalendar-wrap\"><\/div>\r\n\t<div class=\"mec-gCalendar-filters\">\r\n\t\t<div class=\"mec-gCalendar-filters-wrap\">\r\n\t\t\t\t\t<\/div>\r\n\t<\/div>\r\n<\/div>\r\n<style>.nice-select{color: #838383;-webkit-tap-highlight-color:transparent;background-color:#fff;border:solid 1px #E3E4E5;box-sizing:border-box;clear:both;cursor:pointer;display:block;float:left;font-family:inherit;font-size:12px;font-weight:400;height:42px;line-height:40px;outline:0;padding-left:18px;padding-right:30px;position:relative;text-align:left!important;-webkit-transition:all .2s ease-in-out;transition:all .2s ease-in-out;-webkit-user-select:none;-moz-user-select:none;-ms-user-select:none;user-select:none;white-space:nowrap;width: 100%;border-radius: 0 3px 3px 0;height: 40px;}.nice-select:hover{border-color:#dbdbdb}.nice-select:after{border-bottom: 1px solid #c1c2c3; border-right: 1px solid #c1c2c3; width: 8px; height: 8px; margin-top: -5px; right: 15px;content:'';display:block;pointer-events:none;position:absolute;top:50%;-webkit-transform-origin:66% 66%;-ms-transform-origin:66% 66%;transform-origin:66% 66%;-webkit-transform:rotate(45deg);-ms-transform:rotate(45deg);transform:rotate(45deg);-webkit-transition:all .15s ease-in-out;transition:all .15s ease-in-out}.nice-select.open:after{-webkit-transform:rotate(-135deg);-ms-transform:rotate(-135deg);transform:rotate(-135deg)}.nice-select.open .list{opacity:1;pointer-events:auto;-webkit-transform:scale(1) translateY(0);-ms-transform:scale(1) translateY(0);transform:scale(1) translateY(0)}.nice-select.disabled{border-color:#ededed;color:#999;pointer-events:none}.nice-select.disabled:after{border-color:#ccc}.nice-select.wide{width:100%}.nice-select.wide .list{left:0!important;right:0!important}.nice-select.right{float:right}.nice-select.right .list{left:auto;right:0}.nice-select.small{font-size:12px;height:36px;line-height:34px}.nice-select.small:after{height:4px;width:4px}.nice-select.small .option{line-height:34px;min-height:34px}.nice-select .list{width: 100%;background-color:#fff;border-radius:0 0 3px 3px;box-shadow:0 0 0 1px rgba(68,68,68,.11);box-sizing:border-box;margin-top:4px;opacity:0;overflow:hidden;padding:0;pointer-events:none;position:absolute;top:100%;left:0;-webkit-transform-origin:50% 0;-ms-transform-origin:50% 0;transform-origin:50% 0;-webkit-transform:scale(.75) translateY(-21px);-ms-transform:scale(.75) translateY(-21px);transform:scale(.75) translateY(-21px);-webkit-transition:all .2s cubic-bezier(.5,0,0,1.25),opacity .15s ease-out;transition:all .2s cubic-bezier(.5,0,0,1.25),opacity .15s ease-out;z-index:9}.nice-select .list:hover .option:not(:hover){background-color:transparent!important}.nice-select .option{ cursor: pointer; font-weight: 400;line-height: 1.2;list-style: none;min-height: 30px;outline: 0;padding: 10px 6px 10px 18px;text-align: left;-webkit-transition: all .2s;transition: all .2s;font-size: 14px;letter-spacing: -0.1px;white-space: break-spaces;}.nice-select .option.focus,.nice-select .option.selected.focus,.nice-select .option:hover{background-color:#f6f6f6}.nice-select .option.selected{font-weight:700}.nice-select .option.disabled{background-color:transparent;color:#999;cursor:default}.no-csspointerevents .nice-select .list{display:none}.no-csspointerevents .nice-select.open .list{display:block}<\/style>\r\n<\/div>\n\t\t\t\t\t\t<\/div>\n\t\t\t\t<\/div>\n\t\t\t\t\t<\/div>\n\t\t\t\t<\/div>\n\t\t\t\t<\/div>\n\t\t","protected":false},"excerpt":{"rendered":"<p>CONTENTS<\/p>","protected":false},"author":124,"featured_media":0,"parent":0,"menu_order":0,"comment_status":"closed","ping_status":"closed","template":"elementor_header_footer","meta":{"footnotes":""},"class_list":["post-12189","page","type-page","status-publish","hentry"],"_links":{"self":[{"href":"https:\/\/ibiflorea.com\/hu\/wp-json\/wp\/v2\/pages\/12189","targetHints":{"allow":["GET"]}}],"collection":[{"href":"https:\/\/ibiflorea.com\/hu\/wp-json\/wp\/v2\/pages"}],"about":[{"href":"https:\/\/ibiflorea.com\/hu\/wp-json\/wp\/v2\/types\/page"}],"author":[{"embeddable":true,"href":"https:\/\/ibiflorea.com\/hu\/wp-json\/wp\/v2\/users\/124"}],"replies":[{"embeddable":true,"href":"https:\/\/ibiflorea.com\/hu\/wp-json\/wp\/v2\/comments?post=12189"}],"version-history":[{"count":5,"href":"https:\/\/ibiflorea.com\/hu\/wp-json\/wp\/v2\/pages\/12189\/revisions"}],"predecessor-version":[{"id":12795,"href":"https:\/\/ibiflorea.com\/hu\/wp-json\/wp\/v2\/pages\/12189\/revisions\/12795"}],"wp:attachment":[{"href":"https:\/\/ibiflorea.com\/hu\/wp-json\/wp\/v2\/media?parent=12189"}],"curies":[{"name":"wp","href":"https:\/\/api.w.org\/{rel}","templated":true}]}}